{"id":54,"date":"2025-05-12T21:41:30","date_gmt":"2025-05-12T21:41:30","guid":{"rendered":"https:\/\/conciergerie-aideco.fr\/?page_id=54"},"modified":"2025-07-17T14:10:10","modified_gmt":"2025-07-17T14:10:10","slug":"politique-de-confidentialite","status":"publish","type":"page","link":"https:\/\/conciergerie-aideco.fr\/en\/politique-de-confidentialite\/","title":{"rendered":"privacy policy"},"content":{"rendered":"<style>.kb-row-layout-id54_61f2fb-94 > .kt-row-column-wrap{align-content:start;}:where(.kb-row-layout-id54_61f2fb-94 > .kt-row-column-wrap) > .wp-block-kadence-column{justify-content:start;}.kb-row-layout-id54_61f2fb-94 > .kt-row-column-wrap{column-gap:var(--global-kb-gap-lg, 4rem);row-gap:var(--global-kb-gap-md, 2rem);max-width:var( --global-content-width, 1290px );padding-left:var(--global-content-edge-padding);padding-right:var(--global-content-edge-padding);padding-top:var(--global-kb-spacing-xxl, 5rem);padding-bottom:var(--global-kb-spacing-xxl, 5rem);grid-template-columns:minmax(0, 1fr);}.kb-row-layout-id54_61f2fb-94 > .kt-row-layout-overlay{opacity:0.30;}.kb-row-layout-id54_61f2fb-94 ,.kb-row-layout-id54_61f2fb-94 h1,.kb-row-layout-id54_61f2fb-94 h2,.kb-row-layout-id54_61f2fb-94 h3,.kb-row-layout-id54_61f2fb-94 h4,.kb-row-layout-id54_61f2fb-94 h5,.kb-row-layout-id54_61f2fb-94 h6{color:var(--global-palette3, #1A202C);}.kb-row-layout-id54_61f2fb-94 a{color:var(--global-palette4, #2D3748);}.kb-row-layout-id54_61f2fb-94 a:hover{color:var(--global-palette5, #4A5568);}@media all and (max-width: 1024px){.kb-row-layout-id54_61f2fb-94 > .kt-row-column-wrap{grid-template-columns:minmax(0, 1fr);}}@media all and (max-width: 767px){.kb-row-layout-id54_61f2fb-94 > .kt-row-column-wrap{grid-template-columns:minmax(0, 1fr);}}<\/style><div class=\"kb-row-layout-wrap kb-row-layout-id54_61f2fb-94 alignfull has-theme-palette8-background-color kt-row-has-bg wp-block-kadence-rowlayout\"><div class=\"kt-row-column-wrap kt-has-1-columns kt-row-layout-equal kt-tab-layout-inherit kt-mobile-layout-row kt-row-valign-top kb-theme-content-width\">\n<style>.kadence-column54_413ec5-05 > .kt-inside-inner-col{padding-right:var(--global-kb-spacing-lg, 3rem);}.kadence-column54_413ec5-05 > .kt-inside-inner-col,.kadence-column54_413ec5-05 > .kt-inside-inner-col:before{border-top-left-radius:0px;border-top-right-radius:0px;border-bottom-right-radius:0px;border-bottom-left-radius:0px;}.kadence-column54_413ec5-05 > .kt-inside-inner-col{column-gap:var(--global-kb-gap-sm, 1rem);}.kadence-column54_413ec5-05 > .kt-inside-inner-col{flex-direction:column;}.kadence-column54_413ec5-05 > .kt-inside-inner-col > .aligncenter{width:100%;}.kadence-column54_413ec5-05 > .kt-inside-inner-col:before{opacity:0.3;}.kadence-column54_413ec5-05, .kadence-column54_413ec5-05 h1, .kadence-column54_413ec5-05 h2, .kadence-column54_413ec5-05 h3, .kadence-column54_413ec5-05 h4, .kadence-column54_413ec5-05 h5, .kadence-column54_413ec5-05 h6{color:var(--global-palette3, #1A202C);}.kadence-column54_413ec5-05{position:relative;}@media all and (max-width: 1024px){.kadence-column54_413ec5-05 > .kt-inside-inner-col{flex-direction:column;justify-content:center;}}@media all and (max-width: 767px){.kadence-column54_413ec5-05 > .kt-inside-inner-col{flex-direction:column;justify-content:center;}}<\/style>\n<div class=\"wp-block-kadence-column kadence-column54_413ec5-05\"><div class=\"kt-inside-inner-col\"><style>.wp-block-kadence-advancedheading.kt-adv-heading54_8fa0ef-a9, .wp-block-kadence-advancedheading.kt-adv-heading54_8fa0ef-a9[data-kb-block=\"kb-adv-heading54_8fa0ef-a9\"]{margin-top:var(--global-kb-spacing-md, 2rem);font-size:50px;line-height:1;font-style:normal;}.wp-block-kadence-advancedheading.kt-adv-heading54_8fa0ef-a9 mark.kt-highlight, .wp-block-kadence-advancedheading.kt-adv-heading54_8fa0ef-a9[data-kb-block=\"kb-adv-heading54_8fa0ef-a9\"] mark.kt-highlight{font-style:normal;color:#f76a0c;-webkit-box-decoration-break:clone;box-decoration-break:clone;padding-top:0px;padding-right:0px;padding-bottom:0px;padding-left:0px;}@media all and (max-width: 767px){.wp-block-kadence-advancedheading.kt-adv-heading54_8fa0ef-a9, .wp-block-kadence-advancedheading.kt-adv-heading54_8fa0ef-a9[data-kb-block=\"kb-adv-heading54_8fa0ef-a9\"]{font-size:20px;}}<\/style>\n<h2 class=\"kt-adv-heading54_8fa0ef-a9 wp-block-kadence-advancedheading\" data-kb-block=\"kb-adv-heading54_8fa0ef-a9\">privacy policy<\/h2>\n<\/div><\/div>\n\n<\/div><\/div>\n\n<style>.kb-row-layout-id54_dece13-b6 > .kt-row-column-wrap{align-content:start;}:where(.kb-row-layout-id54_dece13-b6 > .kt-row-column-wrap) > .wp-block-kadence-column{justify-content:start;}.kb-row-layout-id54_dece13-b6 > .kt-row-column-wrap{column-gap:var(--global-kb-gap-lg, 4rem);row-gap:var(--global-kb-gap-md, 2rem);max-width:var( --global-content-width, 1290px );padding-left:var(--global-content-edge-padding);padding-right:var(--global-content-edge-padding);padding-top:var(--global-kb-spacing-4xl, 8rem);padding-bottom:var(--global-kb-spacing-4xl, 8rem);grid-template-columns:minmax(0, 1fr);}.kb-row-layout-id54_dece13-b6{box-shadow:0px 0px 14px 0px rgba(0, 0, 0, 0.2);}.kb-row-layout-id54_dece13-b6 > .kt-row-layout-overlay{opacity:0.30;}@media all and (max-width: 1024px){.kb-row-layout-id54_dece13-b6 > .kt-row-column-wrap{grid-template-columns:minmax(0, 1fr);}}@media all and (max-width: 767px){.kb-row-layout-id54_dece13-b6 > .kt-row-column-wrap{grid-template-columns:minmax(0, 1fr);}}<\/style><div class=\"kb-row-layout-wrap kb-row-layout-id54_dece13-b6 alignfull wp-block-kadence-rowlayout\"><div class=\"kt-row-column-wrap kt-has-1-columns kt-row-layout-equal kt-tab-layout-inherit kt-mobile-layout-row kt-row-valign-top kb-theme-content-width\">\n<style>.kadence-column54_0859f8-4d > .kt-inside-inner-col{border-bottom:1px solid var(--global-palette7, #EDF2F7);}.kadence-column54_0859f8-4d > .kt-inside-inner-col,.kadence-column54_0859f8-4d > .kt-inside-inner-col:before{border-top-left-radius:0px;border-top-right-radius:0px;border-bottom-right-radius:0px;border-bottom-left-radius:0px;}.kadence-column54_0859f8-4d > .kt-inside-inner-col{column-gap:var(--global-kb-gap-sm, 1rem);}.kadence-column54_0859f8-4d > .kt-inside-inner-col{flex-direction:column;}.kadence-column54_0859f8-4d > .kt-inside-inner-col > .aligncenter{width:100%;}.kadence-column54_0859f8-4d > .kt-inside-inner-col:before{opacity:0.3;}.kadence-column54_0859f8-4d{position:relative;}@media all and (max-width: 1024px){.kadence-column54_0859f8-4d > .kt-inside-inner-col{border-bottom:1px solid var(--global-palette7, #EDF2F7);flex-direction:column;justify-content:center;}}@media all and (max-width: 767px){.kadence-column54_0859f8-4d > .kt-inside-inner-col{border-bottom:1px solid var(--global-palette7, #EDF2F7);flex-direction:column;justify-content:center;}}<\/style>\n<div class=\"wp-block-kadence-column kadence-column54_0859f8-4d\"><div class=\"kt-inside-inner-col\"><style>.wp-block-kadence-advancedheading.kt-adv-heading54_d600eb-c0, .wp-block-kadence-advancedheading.kt-adv-heading54_d600eb-c0[data-kb-block=\"kb-adv-heading54_d600eb-c0\"]{font-style:normal;}.wp-block-kadence-advancedheading.kt-adv-heading54_d600eb-c0 mark.kt-highlight, .wp-block-kadence-advancedheading.kt-adv-heading54_d600eb-c0[data-kb-block=\"kb-adv-heading54_d600eb-c0\"] mark.kt-highlight{font-style:normal;color:#f76a0c;-webkit-box-decoration-break:clone;box-decoration-break:clone;padding-top:0px;padding-right:0px;padding-bottom:0px;padding-left:0px;}@media all and (max-width: 767px){.wp-block-kadence-advancedheading.kt-adv-heading54_d600eb-c0, .wp-block-kadence-advancedheading.kt-adv-heading54_d600eb-c0[data-kb-block=\"kb-adv-heading54_d600eb-c0\"]{font-size:20px;}}<\/style>\n<h2 class=\"kt-adv-heading54_d600eb-c0 wp-block-kadence-advancedheading\" data-kb-block=\"kb-adv-heading54_d600eb-c0\">legal notice<\/h2>\n\n\n<style>.wp-block-kadence-advancedheading.kt-adv-heading54_255067-60, .wp-block-kadence-advancedheading.kt-adv-heading54_255067-60[data-kb-block=\"kb-adv-heading54_255067-60\"]{font-style:normal;}.wp-block-kadence-advancedheading.kt-adv-heading54_255067-60 mark.kt-highlight, .wp-block-kadence-advancedheading.kt-adv-heading54_255067-60[data-kb-block=\"kb-adv-heading54_255067-60\"] mark.kt-highlight{font-style:normal;color:#f76a0c;-webkit-box-decoration-break:clone;box-decoration-break:clone;padding-top:0px;padding-right:0px;padding-bottom:0px;padding-left:0px;}@media all and (max-width: 767px){.wp-block-kadence-advancedheading.kt-adv-heading54_255067-60, .wp-block-kadence-advancedheading.kt-adv-heading54_255067-60[data-kb-block=\"kb-adv-heading54_255067-60\"]{font-size:15px;}}<\/style>\n<p class=\"kt-adv-heading54_255067-60 wp-block-kadence-advancedheading\" data-kb-block=\"kb-adv-heading54_255067-60\"><strong>\u00c9diteur du site<\/strong><br>Aide&amp;Co<br>Conciergerie sp\u00e9cialis\u00e9e dans la gestion de locations courte dur\u00e9e Airbnb<br>Adresse : <br>T\u00e9l\u00e9phone : 07.72.26.92.18<br>Email : Contact@conciergerie-aideco.fr<br>SIRET : <br>Directeur de la publication : <\/p>\n\n\n<style>.wp-block-kadence-advancedheading.kt-adv-heading54_026446-06, .wp-block-kadence-advancedheading.kt-adv-heading54_026446-06[data-kb-block=\"kb-adv-heading54_026446-06\"]{font-style:normal;}.wp-block-kadence-advancedheading.kt-adv-heading54_026446-06 mark.kt-highlight, .wp-block-kadence-advancedheading.kt-adv-heading54_026446-06[data-kb-block=\"kb-adv-heading54_026446-06\"] mark.kt-highlight{font-style:normal;color:#f76a0c;-webkit-box-decoration-break:clone;box-decoration-break:clone;padding-top:0px;padding-right:0px;padding-bottom:0px;padding-left:0px;}@media all and (max-width: 767px){.wp-block-kadence-advancedheading.kt-adv-heading54_026446-06, .wp-block-kadence-advancedheading.kt-adv-heading54_026446-06[data-kb-block=\"kb-adv-heading54_026446-06\"]{font-size:15px;}}<\/style>\n<p class=\"kt-adv-heading54_026446-06 wp-block-kadence-advancedheading\" data-kb-block=\"kb-adv-heading54_026446-06\"><strong>H\u00e9bergement<\/strong><br>Le site est h\u00e9berg\u00e9 par :<br>Hostinger International Ltd<br>Adresse : Hostinger Poland Ltd, Ostr\u00f3dzka 172, 02-698 Varsovie, Pologne<br>T\u00e9l\u00e9phone : +48 22 307 23 00<\/p>\n\n\n<style>.wp-block-kadence-advancedheading.kt-adv-heading54_b88107-8f, .wp-block-kadence-advancedheading.kt-adv-heading54_b88107-8f[data-kb-block=\"kb-adv-heading54_b88107-8f\"]{font-style:normal;}.wp-block-kadence-advancedheading.kt-adv-heading54_b88107-8f mark.kt-highlight, .wp-block-kadence-advancedheading.kt-adv-heading54_b88107-8f[data-kb-block=\"kb-adv-heading54_b88107-8f\"] mark.kt-highlight{font-style:normal;color:#f76a0c;-webkit-box-decoration-break:clone;box-decoration-break:clone;padding-top:0px;padding-right:0px;padding-bottom:0px;padding-left:0px;}@media all and (max-width: 767px){.wp-block-kadence-advancedheading.kt-adv-heading54_b88107-8f, .wp-block-kadence-advancedheading.kt-adv-heading54_b88107-8f[data-kb-block=\"kb-adv-heading54_b88107-8f\"]{font-size:15px;}}<\/style>\n<p class=\"kt-adv-heading54_b88107-8f wp-block-kadence-advancedheading\" data-kb-block=\"kb-adv-heading54_b88107-8f\"><strong>Propri\u00e9t\u00e9 intellectuelle<\/strong><br>L\u2019ensemble du contenu pr\u00e9sent sur ce site (textes, images, logos, vid\u00e9os, etc.) est la propri\u00e9t\u00e9 exclusive de Aide&amp;Co ou de ses partenaires. Toute reproduction, distribution, modification, adaptation, retransmission ou publication, m\u00eame partielle, de ces \u00e9l\u00e9ments est strictement interdite sans l\u2019accord expr\u00e8s et \u00e9crit de Aide&amp;Co.<\/p>\n\n\n<style>.wp-block-kadence-advancedheading.kt-adv-heading54_8c6b6c-bd, .wp-block-kadence-advancedheading.kt-adv-heading54_8c6b6c-bd[data-kb-block=\"kb-adv-heading54_8c6b6c-bd\"]{font-style:normal;}.wp-block-kadence-advancedheading.kt-adv-heading54_8c6b6c-bd mark.kt-highlight, .wp-block-kadence-advancedheading.kt-adv-heading54_8c6b6c-bd[data-kb-block=\"kb-adv-heading54_8c6b6c-bd\"] mark.kt-highlight{font-style:normal;color:#f76a0c;-webkit-box-decoration-break:clone;box-decoration-break:clone;padding-top:0px;padding-right:0px;padding-bottom:0px;padding-left:0px;}@media all and (max-width: 767px){.wp-block-kadence-advancedheading.kt-adv-heading54_8c6b6c-bd, .wp-block-kadence-advancedheading.kt-adv-heading54_8c6b6c-bd[data-kb-block=\"kb-adv-heading54_8c6b6c-bd\"]{font-size:15px;}}<\/style>\n<p class=\"kt-adv-heading54_8c6b6c-bd wp-block-kadence-advancedheading\" data-kb-block=\"kb-adv-heading54_8c6b6c-bd\"><strong>Donn\u00e9es personnelles<\/strong><br>Conform\u00e9ment \u00e0 la loi Informatique et Libert\u00e9s du 6 janvier 1978 modifi\u00e9e, vous disposez d\u2019un droit d\u2019acc\u00e8s, de rectification, de suppression et d\u2019opposition aux donn\u00e9es personnelles vous concernant. Vous pouvez exercer ce droit en nous contactant \u00e0 l\u2019adresse email : [Ton email de contact].<\/p>\n\n\n<style>.wp-block-kadence-advancedheading.kt-adv-heading54_774546-8c, .wp-block-kadence-advancedheading.kt-adv-heading54_774546-8c[data-kb-block=\"kb-adv-heading54_774546-8c\"]{font-style:normal;}.wp-block-kadence-advancedheading.kt-adv-heading54_774546-8c mark.kt-highlight, .wp-block-kadence-advancedheading.kt-adv-heading54_774546-8c[data-kb-block=\"kb-adv-heading54_774546-8c\"] mark.kt-highlight{font-style:normal;color:#f76a0c;-webkit-box-decoration-break:clone;box-decoration-break:clone;padding-top:0px;padding-right:0px;padding-bottom:0px;padding-left:0px;}@media all and (max-width: 767px){.wp-block-kadence-advancedheading.kt-adv-heading54_774546-8c, .wp-block-kadence-advancedheading.kt-adv-heading54_774546-8c[data-kb-block=\"kb-adv-heading54_774546-8c\"]{font-size:15px;}}<\/style>\n<p class=\"kt-adv-heading54_774546-8c wp-block-kadence-advancedheading\" data-kb-block=\"kb-adv-heading54_774546-8c\">Pour plus d\u2019informations, consultez notre&nbsp;<a href=\"https:\/\/conciergerie-aideco.fr\/en\/politique-de-confidentialite\/\" data-type=\"page\" data-id=\"54\">privacy policy<\/a>.<\/p>\n\n\n<style>.wp-block-kadence-advancedheading.kt-adv-heading54_563789-d3, .wp-block-kadence-advancedheading.kt-adv-heading54_563789-d3[data-kb-block=\"kb-adv-heading54_563789-d3\"]{font-style:normal;}.wp-block-kadence-advancedheading.kt-adv-heading54_563789-d3 mark.kt-highlight, .wp-block-kadence-advancedheading.kt-adv-heading54_563789-d3[data-kb-block=\"kb-adv-heading54_563789-d3\"] mark.kt-highlight{font-style:normal;color:#f76a0c;-webkit-box-decoration-break:clone;box-decoration-break:clone;padding-top:0px;padding-right:0px;padding-bottom:0px;padding-left:0px;}@media all and (max-width: 767px){.wp-block-kadence-advancedheading.kt-adv-heading54_563789-d3, .wp-block-kadence-advancedheading.kt-adv-heading54_563789-d3[data-kb-block=\"kb-adv-heading54_563789-d3\"]{font-size:15px;}}<\/style>\n<p class=\"kt-adv-heading54_563789-d3 wp-block-kadence-advancedheading\" data-kb-block=\"kb-adv-heading54_563789-d3\"><strong>Cookies<\/strong><br>Ce site utilise des cookies afin d\u2019am\u00e9liorer votre exp\u00e9rience utilisateur. En utilisant ce site, vous consentez \u00e0 l\u2019utilisation de cookies conform\u00e9ment \u00e0 notre&nbsp;<a>Politique de cookies<\/a>. Vous pouvez g\u00e9rer vos pr\u00e9f\u00e9rences en mati\u00e8re de cookies \u00e0 tout moment via les param\u00e8tres de votre navigateur.<\/p>\n\n\n<style>.wp-block-kadence-advancedheading.kt-adv-heading54_2c5670-82, .wp-block-kadence-advancedheading.kt-adv-heading54_2c5670-82[data-kb-block=\"kb-adv-heading54_2c5670-82\"]{font-style:normal;}.wp-block-kadence-advancedheading.kt-adv-heading54_2c5670-82 mark.kt-highlight, .wp-block-kadence-advancedheading.kt-adv-heading54_2c5670-82[data-kb-block=\"kb-adv-heading54_2c5670-82\"] mark.kt-highlight{font-style:normal;color:#f76a0c;-webkit-box-decoration-break:clone;box-decoration-break:clone;padding-top:0px;padding-right:0px;padding-bottom:0px;padding-left:0px;}@media all and (max-width: 767px){.wp-block-kadence-advancedheading.kt-adv-heading54_2c5670-82, .wp-block-kadence-advancedheading.kt-adv-heading54_2c5670-82[data-kb-block=\"kb-adv-heading54_2c5670-82\"]{font-size:15px;}}<\/style>\n<p class=\"kt-adv-heading54_2c5670-82 wp-block-kadence-advancedheading\" data-kb-block=\"kb-adv-heading54_2c5670-82\"><strong>Responsabilit\u00e9<\/strong><br>Aide&amp;Co met tout en \u0153uvre pour assurer l\u2019exactitude des informations publi\u00e9es sur ce site. Toutefois, Aide&amp;Co ne saurait \u00eatre tenue responsable des erreurs, omissions, ou d\u2019\u00e9ventuels dommages r\u00e9sultant de l\u2019acc\u00e8s ou de l\u2019utilisation de ce site.<\/p>\n\n\n<style>.wp-block-kadence-advancedbtn.kb-btns54_d50e91-ed{gap:var(--global-kb-gap-xs, 0.5rem );justify-content:center;align-items:center;}.kt-btns54_d50e91-ed .kt-button{font-weight:normal;font-style:normal;}.kt-btns54_d50e91-ed .kt-btn-wrap-0{margin-right:5px;}.wp-block-kadence-advancedbtn.kt-btns54_d50e91-ed .kt-btn-wrap-0 .kt-button{color:#555555;border-color:#555555;}.wp-block-kadence-advancedbtn.kt-btns54_d50e91-ed .kt-btn-wrap-0 .kt-button:hover, .wp-block-kadence-advancedbtn.kt-btns54_d50e91-ed .kt-btn-wrap-0 .kt-button:focus{color:#ffffff;border-color:#444444;}.wp-block-kadence-advancedbtn.kt-btns54_d50e91-ed .kt-btn-wrap-0 .kt-button::before{display:none;}.wp-block-kadence-advancedbtn.kt-btns54_d50e91-ed .kt-btn-wrap-0 .kt-button:hover, .wp-block-kadence-advancedbtn.kt-btns54_d50e91-ed .kt-btn-wrap-0 .kt-button:focus{background:#444444;}<\/style>\n<div class=\"wp-block-kadence-advancedbtn kb-buttons-wrap kb-btns54_d50e91-ed\"><style>ul.menu .wp-block-kadence-advancedbtn .kb-btn54_e117c2-22.kb-button{width:initial;}@media all and (max-width: 767px){.wp-block-kadence-advancedbtn .kb-btn54_e117c2-22.kb-button{font-size:14px;}}<\/style><a class=\"kb-button kt-button button kb-btn54_e117c2-22 kt-btn-size-small kt-btn-width-type-auto kb-btn-global-outline kt-btn-has-text-true kt-btn-has-svg-false wp-block-kadence-singlebtn\" href=\"https:\/\/conciergerie-aideco.fr\/en\/mentions-legales\/\"><span class=\"kt-btn-inner-text\">Voir nos conditions g\u00e9n\u00e9rales<\/span><\/a><\/div>\n<\/div><\/div>\n\n<\/div><\/div>","protected":false},"excerpt":{"rendered":"<p>Politique de confidentialit\u00e9 Mentions L\u00e9gales \u00c9diteur du siteAide&amp;CoConciergerie sp\u00e9cialis\u00e9e dans la gestion de locations courte dur\u00e9e AirbnbAdresse : T\u00e9l\u00e9phone : 07.72.26.92.18Email : Contact@conciergerie-aideco.frSIRET : Directeur de la publication : H\u00e9bergementLe site est h\u00e9berg\u00e9 par :Hostinger International LtdAdresse : Hostinger Poland Ltd, Ostr\u00f3dzka 172, 02-698 Varsovie, PologneT\u00e9l\u00e9phone : +48 22 307 23 00 Propri\u00e9t\u00e9 intellectuelleL\u2019ensemble du&#8230;<\/p>","protected":false},"author":1,"featured_media":0,"parent":0,"menu_order":0,"comment_status":"closed","ping_status":"closed","template":"","meta":{"_kad_post_transparent":"","_kad_post_title":"","_kad_post_layout":"","_kad_post_sidebar_id":"","_kad_post_content_style":"","_kad_post_vertical_padding":"","_kad_post_feature":"","_kad_post_feature_position":"","_kad_post_header":false,"_kad_post_footer":false,"footnotes":""},"class_list":["post-54","page","type-page","status-publish","hentry"],"_links":{"self":[{"href":"https:\/\/conciergerie-aideco.fr\/en\/wp-json\/wp\/v2\/pages\/54","targetHints":{"allow":["GET"]}}],"collection":[{"href":"https:\/\/conciergerie-aideco.fr\/en\/wp-json\/wp\/v2\/pages"}],"about":[{"href":"https:\/\/conciergerie-aideco.fr\/en\/wp-json\/wp\/v2\/types\/page"}],"author":[{"embeddable":true,"href":"https:\/\/conciergerie-aideco.fr\/en\/wp-json\/wp\/v2\/users\/1"}],"replies":[{"embeddable":true,"href":"https:\/\/conciergerie-aideco.fr\/en\/wp-json\/wp\/v2\/comments?post=54"}],"version-history":[{"count":12,"href":"https:\/\/conciergerie-aideco.fr\/en\/wp-json\/wp\/v2\/pages\/54\/revisions"}],"predecessor-version":[{"id":789,"href":"https:\/\/conciergerie-aideco.fr\/en\/wp-json\/wp\/v2\/pages\/54\/revisions\/789"}],"wp:attachment":[{"href":"https:\/\/conciergerie-aideco.fr\/en\/wp-json\/wp\/v2\/media?parent=54"}],"curies":[{"name":"wp","href":"https:\/\/api.w.org\/{rel}","templated":true}]}}